{"id":97,"date":"2021-07-18T08:41:13","date_gmt":"2021-07-18T08:41:13","guid":{"rendered":"https:\/\/demo.athemes.com\/botiga\/?post_type=product&#038;p=97"},"modified":"2023-05-06T18:06:43","modified_gmt":"2023-05-06T16:06:43","slug":"eternal-sunset-collection-lip-and-cheek-set-with-jojoba-oil","status":"publish","type":"product","link":"https:\/\/www.miagefaellts.de\/?product=eternal-sunset-collection-lip-and-cheek-set-with-jojoba-oil","title":{"rendered":"Aufbewahrung \/ Gef\u00e4\u00df aus Beton"},"content":{"rendered":"<p>Diese h\u00fcbsche Aufbewahrung f\u00fchlt sich in jedem Raum wohl. Egal ob im Badezimmer um Utensielen aufzubewahren, oder im B\u00fcro f\u00fcr den \u00fcblichen Kleinkram wie Heftzwecke und Co. oder aber gerne auch im Schlafzimmer f\u00fcr Schmuck etc. Aber auch in der K\u00fcche oder im Flur sieht es toll aus. Gew\u00fcrze wirken nochmal ganz anders in dieser Schale.<\/p>\n<p>Bitte aber nur f\u00fcr trockene Lebensmittel verwenden.<\/p>\n<p>Schmuck, Kleinigkeiten, Krimskrams und Co. sind hier gut aufgehoben. Ihr erhaltet sie in schwarz, wei\u00df oder grau. Wenn ihr das schwarz in matt haben wollt gebt uns bitte Bescheid, ansonstenpolieren wir das n\u00e4mlich immer auf.<\/p>\n<p>Noch eins zum schwarzen Betonst\u00fcck auf den Fotos. Normalerweise sind unsere Produkte durchgehend schwarz. Solltet ihr irgendwelche W\u00fcnsche haben, teilt diese gerne mit. Wir schauen was sich dann machen l\u00e4sst.<\/p>\n<p>Wir verwenden ausschlie\u00dflich hochwertigen Beton f\u00fcr unsere Objekte.<\/p>\n<p>Dieses St\u00fcck ist langlebig und kann auch im Nachhinein noch behandelt werden.<\/p>\n<p>Jedes handgegossen und mit Impr\u00e4gnierung versiegelt. Lebensmittelecht.<\/p>\n<p>Zum Schutz vor Kratzern auf euren M\u00f6beln, verwenden wir h\u00fcbsche M\u00f6belschoner.<\/p>\n<p>Bearbeitungszeit: Unsere Produkte werden nach einer Bearbeitungszeit von 4-5 Tagen an euch versendet. Leider ben\u00f6tigen wir diese Zeit damit eure Produkte auch wirklich gut durchtrocknen k\u00f6nnen.<\/p>\n<p>Bitte beachtet Beton ist ein Naturprodukt. Kleine Luftblasen und eine rauhe Oberfl\u00e4che geh\u00f6ren dazu. Durch unsere Impr\u00e4gnierung erhaltet ihr gerade bei den schwarzen Objekten eine glatte Oberfl\u00e4che.<\/p>\n<p>Unser schwarzer Beton eignet sich wunderbar zur Aufpolierung, wenn ihr das nicht m\u00f6chtet schreibt mich bitte einfach an.<\/p>\n<p>&nbsp;<\/p>\n<p>L\u00e4nge: ca. 20 cm<\/p>\n<p>H\u00f6he: &#8222;hohe Schale&#8220; = ca. 3 cm &#8222;tiefe Schale&#8220; ca. 2 cm<\/p>\n<p>Breite: ca 9,5 cm<\/p>\n<p>Rand ungef\u00e4hr 0,4 cm<\/p>\n","protected":false},"excerpt":{"rendered":"<p>Lorem ipsum dolor sit amet, consectetur adipiscing elit. Cras luctus congue nisi.<\/p>\n","protected":false},"featured_media":477,"template":"","meta":[],"product_brand":[],"product_cat":[39,47,44,46,38,45,43],"product_tag":[],"class_list":{"0":"post-97","1":"product","2":"type-product","3":"status-publish","4":"has-post-thumbnail","6":"product_cat-alle","7":"product_cat-aufbewahrung","8":"product_cat-badezimmer","9":"product_cat-buero","10":"product_cat-dekoration","11":"product_cat-kueche","12":"product_cat-schlafzimmer","14":"first","15":"instock","16":"shipping-taxable","17":"purchasable","18":"product-type-simple"},"_links":{"self":[{"href":"https:\/\/www.miagefaellts.de\/index.php?rest_route=\/wp\/v2\/product\/97","targetHints":{"allow":["GET"]}}],"collection":[{"href":"https:\/\/www.miagefaellts.de\/index.php?rest_route=\/wp\/v2\/product"}],"about":[{"href":"https:\/\/www.miagefaellts.de\/index.php?rest_route=\/wp\/v2\/types\/product"}],"wp:featuredmedia":[{"embeddable":true,"href":"https:\/\/www.miagefaellts.de\/index.php?rest_route=\/wp\/v2\/media\/477"}],"wp:attachment":[{"href":"https:\/\/www.miagefaellts.de\/index.php?rest_route=%2Fwp%2Fv2%2Fmedia&parent=97"}],"wp:term":[{"taxonomy":"product_brand","embeddable":true,"href":"https:\/\/www.miagefaellts.de\/index.php?rest_route=%2Fwp%2Fv2%2Fproduct_brand&post=97"},{"taxonomy":"product_cat","embeddable":true,"href":"https:\/\/www.miagefaellts.de\/index.php?rest_route=%2Fwp%2Fv2%2Fproduct_cat&post=97"},{"taxonomy":"product_tag","embeddable":true,"href":"https:\/\/www.miagefaellts.de\/index.php?rest_route=%2Fwp%2Fv2%2Fproduct_tag&post=97"}],"curies":[{"name":"wp","href":"https:\/\/api.w.org\/{rel}","templated":true}]}}