{"id":95,"date":"2021-07-18T08:40:49","date_gmt":"2021-07-18T08:40:49","guid":{"rendered":"https:\/\/demo.athemes.com\/botiga\/?post_type=product&#038;p=95"},"modified":"2023-05-06T19:07:41","modified_gmt":"2023-05-06T17:07:41","slug":"deep-sweep-2-bha-pore-cleaning-toner-with-moringa","status":"publish","type":"product","link":"https:\/\/www.miagefaellts.de\/?product=deep-sweep-2-bha-pore-cleaning-toner-with-moringa","title":{"rendered":"Kleine Schmuckdose, Aufbewahrung"},"content":{"rendered":"<p>Sind sie nicht niedlich? Diese h\u00fcbschen Teile f\u00fcgen sich durch ihre Schlichtheit gut in deine Wohnung ein. Man kann diese h\u00fcbschen kleinen Sch\u00e4lchen gut f\u00fcr Krimskram aller Art nutzen. Ringe verlieren sich nicht mehr oder B\u00fcroutensielen finden sich viel schnell wenn man sie in den h\u00fcbschen T\u00f6pfen verstaut.<\/p>\n<p>Auch h\u00fcbsch als kleines Geschenk. Beachtet aber bitte die Gr\u00f6\u00dfe.<\/p>\n<p>\u00dcbrigens behandel ich den schwarzen Beton nochmal zus\u00e4tzlich und gebe ihm dadurch eine Glanzschicht, wenn ihr das nicht m\u00f6chtet gebt mir bitte Bescheid.<\/p>\n<p>Ihr erhaltet die Aufbewahrungen in schwarz, grau oder wei\u00df.<\/p>\n<p>Beton wirkt k\u00fchl, edel und hat eine wunderbare Haptik.<\/p>\n<p>Wir verwenden ausschlie\u00dflich hochwertigen Beton f\u00fcr unsere Objekte. Zus\u00e4tzlich wurden hier dem Beton zb. schwarze Pigmente vor dem gie\u00dfen hinzugef\u00fcgt<\/p>\n<p>Jedes handgegossen und mit Impr\u00e4gnierung versiegelt. Lebensmittelecht. Allerdings nicht Sp\u00fclmaschinenfest.<\/p>\n<p>H\u00fcbsches Dekoobjekt in der K\u00fcche , Wohnzimmer im Regal, nat\u00fcrlich sehen sie auch im Bad, Flur oder B\u00fcro.<\/p>\n<p>Trotz Impr\u00e4gnierung ist zu beachten das Beton im Grunde nicht wasserdicht ist! Nach einiger Zeit m\u00fcssen Sie die Impr\u00e4gnierung aufrischen. Die Produkte sind nicht Sp\u00fclmaschinenfest und \u00d6l hinterl\u00e4sst Flecken.<\/p>\n<p>Bearbeitungszeit: Unsere Produkte werden nach einer Bearbeitungszeit von 4-5 Tagen an euch versendet.<\/p>\n<p>Bitte beachtet Beton ist ein Naturprodukt. Kleine Luftblasen und eine rauhe Oberfl\u00e4che geh\u00f6ren dazu. Durch unsere Impr\u00e4gnierung wird das Produkt nicht ver\u00e4ndert.<\/p>\n<p>WICHTIG LESEN !!<\/p>\n<p>Durchmesser ca. 6 cm<br \/>\nH\u00f6he: ca. 4,5 cm<\/p>\n<p>Durchmesser im Innern: ca. 4 cm Durchmesser H\u00f6he ca. 2,5 cm<\/p>\n<p>Produkt wird ohne Deko verkauft.Kleinunternehmerin im Sinne von \u00a7 19 Abs. 1 UStG, daher keine MwSt.<\/p>\n","protected":false},"excerpt":{"rendered":"<p>Lorem ipsum dolor sit amet, consectetur adipiscing elit. Cras luctus congue nisi.<\/p>\n","protected":false},"featured_media":503,"template":"","meta":[],"product_brand":[],"product_cat":[39,44,38,43],"product_tag":[],"class_list":{"0":"post-95","1":"product","2":"type-product","3":"status-publish","4":"has-post-thumbnail","6":"product_cat-alle","7":"product_cat-badezimmer","8":"product_cat-dekoration","9":"product_cat-schlafzimmer","11":"first","12":"instock","13":"shipping-taxable","14":"purchasable","15":"product-type-simple"},"_links":{"self":[{"href":"https:\/\/www.miagefaellts.de\/index.php?rest_route=\/wp\/v2\/product\/95","targetHints":{"allow":["GET"]}}],"collection":[{"href":"https:\/\/www.miagefaellts.de\/index.php?rest_route=\/wp\/v2\/product"}],"about":[{"href":"https:\/\/www.miagefaellts.de\/index.php?rest_route=\/wp\/v2\/types\/product"}],"wp:featuredmedia":[{"embeddable":true,"href":"https:\/\/www.miagefaellts.de\/index.php?rest_route=\/wp\/v2\/media\/503"}],"wp:attachment":[{"href":"https:\/\/www.miagefaellts.de\/index.php?rest_route=%2Fwp%2Fv2%2Fmedia&parent=95"}],"wp:term":[{"taxonomy":"product_brand","embeddable":true,"href":"https:\/\/www.miagefaellts.de\/index.php?rest_route=%2Fwp%2Fv2%2Fproduct_brand&post=95"},{"taxonomy":"product_cat","embeddable":true,"href":"https:\/\/www.miagefaellts.de\/index.php?rest_route=%2Fwp%2Fv2%2Fproduct_cat&post=95"},{"taxonomy":"product_tag","embeddable":true,"href":"https:\/\/www.miagefaellts.de\/index.php?rest_route=%2Fwp%2Fv2%2Fproduct_tag&post=95"}],"curies":[{"name":"wp","href":"https:\/\/api.w.org\/{rel}","templated":true}]}}