{"id":93,"date":"2021-07-18T08:40:16","date_gmt":"2021-07-18T08:40:16","guid":{"rendered":"https:\/\/demo.athemes.com\/botiga\/?post_type=product&#038;p=93"},"modified":"2023-05-06T19:07:29","modified_gmt":"2023-05-06T17:07:29","slug":"watermelon-glow-hyaluronic-clay-pore-tight-facial-mask","status":"publish","type":"product","link":"https:\/\/www.miagefaellts.de\/?product=watermelon-glow-hyaluronic-clay-pore-tight-facial-mask","title":{"rendered":"Tablett aus Beton, rundes Tablett"},"content":{"rendered":"<p>Tablett rund, filigraner Rand 22 cm Durchmesser<\/p>\n<p>Das Tablett besticht durch seinen rustikalen Charme.<\/p>\n<p>Sch\u00f6n ist es ja, und rund, und aus Beton, das fanden wir ausreichend um es euch zu pr\u00e4sentieren. Wir haben uns gedacht es macht sich eigentlich nicht nur ganz gut in unserem Haushalt sondern auch in eurem.<\/p>\n<p>Kaum ist eine Flasche, Deko oder \u00e4hnliches drauf drapiert, f\u00fchlt sich das gute St\u00fcck total wohl..<\/p>\n<p>Modern gehalten, passt Beton immer in die Wohnung, Gerade der Kontrast zwischen Holz Metall Beton sieht immer schick aus.<\/p>\n<p>H\u00fcbsches Tablett aus Beton. Sch\u00f6n schlicht und gut.<\/p>\n<p>Beton wirkt k\u00fchl, edel und hat eine wunderbare Haptik.<\/p>\n<p>Wir verwenden ausschlie\u00dflich hochwertigen Beton f\u00fcr unsere Objekte. Zus\u00e4tzlich wurden hier dem Beton zb schwarze Pigmente vor dem gie\u00dfen hinzugef\u00fcgt.<\/p>\n<p>Jedes handgegossen und mit Impr\u00e4gnierung versiegelt. Lebensmittelecht. Allerdings nicht Sp\u00fclmaschinenfest.<\/p>\n<p>Zum Schutz vor Kratzern auf euren M\u00f6beln, verwenden wir h\u00fcbsche M\u00f6belschoner.<\/p>\n<p>Dieses Tablett kann man wunderbar als Schmuckablage benutzen oder f\u00fcr eure Schreibutensilien, nat\u00fcrlich sehen sie auch im Bad, Flur oder B\u00fcro sehr edel aus.<\/p>\n<p>Das Tablett hat einen recht schmalen Rand, bitte nicht nur am Rand hochheben und vorsichtig behandeln.<\/p>\n<p>Trotz Impr\u00e4gnierung ist zu beachten das Beton im Grunde nicht wasserdicht ist!<\/p>\n<p>Bearbeitungszeit: Unsere Produkte werden nach einer Bearbeitungszeit von 3-4 Tagen an euch versendet.<\/p>\n<p>Bitte beachtet Beton ist ein Naturprodukt. Kleine Luftblasen und eine rauhe Oberfl\u00e4che geh\u00f6ren dazu. Durch unsere Impr\u00e4gnierung wird das Produkt nicht ver\u00e4ndert.<\/p>\n<p>Breite ca. 22 cm<br \/>\nL\u00e4nge ca. 22 cm<br \/>\nH\u00f6he ca. 2,5 cm<\/p>\n<p>Produkt wird ohne Deko verkauft.Kleinunternehmerin im Sinne von \u00a7 19 Abs. 1 UStG, daher keine MwSt.<\/p>\n","protected":false},"excerpt":{"rendered":"<p>1 Tablett rund<\/p>\n","protected":false},"featured_media":529,"template":"","meta":[],"product_brand":[],"product_cat":[39,41],"product_tag":[],"class_list":{"0":"post-93","1":"product","2":"type-product","3":"status-publish","4":"has-post-thumbnail","6":"product_cat-alle","7":"product_cat-tabletts","9":"first","10":"instock","11":"shipping-taxable","12":"purchasable","13":"product-type-simple"},"_links":{"self":[{"href":"https:\/\/www.miagefaellts.de\/index.php?rest_route=\/wp\/v2\/product\/93","targetHints":{"allow":["GET"]}}],"collection":[{"href":"https:\/\/www.miagefaellts.de\/index.php?rest_route=\/wp\/v2\/product"}],"about":[{"href":"https:\/\/www.miagefaellts.de\/index.php?rest_route=\/wp\/v2\/types\/product"}],"wp:featuredmedia":[{"embeddable":true,"href":"https:\/\/www.miagefaellts.de\/index.php?rest_route=\/wp\/v2\/media\/529"}],"wp:attachment":[{"href":"https:\/\/www.miagefaellts.de\/index.php?rest_route=%2Fwp%2Fv2%2Fmedia&parent=93"}],"wp:term":[{"taxonomy":"product_brand","embeddable":true,"href":"https:\/\/www.miagefaellts.de\/index.php?rest_route=%2Fwp%2Fv2%2Fproduct_brand&post=93"},{"taxonomy":"product_cat","embeddable":true,"href":"https:\/\/www.miagefaellts.de\/index.php?rest_route=%2Fwp%2Fv2%2Fproduct_cat&post=93"},{"taxonomy":"product_tag","embeddable":true,"href":"https:\/\/www.miagefaellts.de\/index.php?rest_route=%2Fwp%2Fv2%2Fproduct_tag&post=93"}],"curies":[{"name":"wp","href":"https:\/\/api.w.org\/{rel}","templated":true}]}}