{"id":40,"date":"2021-07-17T10:39:31","date_gmt":"2021-07-17T10:39:31","guid":{"rendered":"https:\/\/demo.athemes.com\/botiga\/?post_type=product&#038;p=40"},"modified":"2025-09-03T23:31:13","modified_gmt":"2025-09-03T21:31:13","slug":"facial-treatment-essence-pitera-essence","status":"publish","type":"product","link":"https:\/\/www.miagefaellts.de\/?product=facial-treatment-essence-pitera-essence","title":{"rendered":"Teelichthalter Kugel aus Beton"},"content":{"rendered":"<p>H\u00fcbsche Teelichthalter Kugeln aus Beton seht ihr hier. H\u00fcbsch modern und aus Beton also richtig sch\u00f6n schwer. Jedes deiser Teelichtkugeln wiegt um die 900 Gramm.<\/p>\n<p>Diese h\u00fcbschen Teile f\u00fcgen sich durch ihre Schlichtheit gut in deine Wohnung ein.<\/p>\n<p>Beton wirkt k\u00fchl, edel und hat eine wunderbare Haptik.<\/p>\n<p>Wir verwenden ausschlie\u00dflich hochwertigen Beton f\u00fcr unsere Objekte. Zus\u00e4tzlich wurden hier dem Beton zb. schwarze Pigmente vor dem gie\u00dfen hinzugef\u00fcgt.<\/p>\n<p>Jedes handgegossen und mit Impr\u00e4gnierung versiegelt. Lebensmittelecht. Allerdings nicht Sp\u00fclmaschinenfest. Nicht f\u00fcr den Au\u00dfenbereich geeignet.<\/p>\n<p>Diese Teelichthalter werden ohne M\u00f6belschoner verkauft. Die Unterseite ist glatt so haben sie Halt.<\/p>\n<p>Diese Teelichthalte sind h\u00fcbsche Dekoobjekte die ihr perfekt im Regal plazieren k\u00f6nnt. Oder auf einem h\u00fcbschen Tablett.Egal ob als schlichte Wohnzimmerdeko oder um nette Akzente in Bad, Flur und B\u00fcro zu setzen<\/p>\n<p>Trotz Impr\u00e4gnierung ist zu beachten das Beton im Grunde nicht wasserdicht ist!<\/p>\n<p>Bearbeitungszeit: Unsere Produkte werden nach einer Bearbeitungszeit von 3-4 Tagen an euch versendet.<\/p>\n<p>Bitte beachtet Beton ist ein Naturprodukt. Kleine Luftblasen und eine rauhe Oberfl\u00e4che geh\u00f6ren dazu. Durch unsere Impr\u00e4gnierung wird das Produkt nicht ver\u00e4ndert.<\/p>\n<p>Breite\/Durchmesser : ca. 8,5 cm<\/p>\n<p>H\u00f6he: ca 8 cm<\/p>\n<p>Kleinunternehmerin im Sinne von \u00a7 19 Abs. 1 UStG, daher keine MwSt.<\/p>\n","protected":false},"excerpt":{"rendered":"<p>Lorem ipsum dolor sit amet, consectetur adipiscing elit. Cras luctus congue nisi.<\/p>\n","protected":false},"featured_media":551,"template":"","meta":[],"product_brand":[],"product_cat":[39,38,69,40],"product_tag":[],"class_list":{"0":"post-40","1":"product","2":"type-product","3":"status-publish","4":"has-post-thumbnail","6":"product_cat-alle","7":"product_cat-dekoration","8":"product_cat-kerzenstaender","9":"product_cat-teelichthalter","11":"first","12":"instock","13":"featured","14":"shipping-taxable","15":"purchasable","16":"product-type-simple"},"_links":{"self":[{"href":"https:\/\/www.miagefaellts.de\/index.php?rest_route=\/wp\/v2\/product\/40","targetHints":{"allow":["GET"]}}],"collection":[{"href":"https:\/\/www.miagefaellts.de\/index.php?rest_route=\/wp\/v2\/product"}],"about":[{"href":"https:\/\/www.miagefaellts.de\/index.php?rest_route=\/wp\/v2\/types\/product"}],"wp:featuredmedia":[{"embeddable":true,"href":"https:\/\/www.miagefaellts.de\/index.php?rest_route=\/wp\/v2\/media\/551"}],"wp:attachment":[{"href":"https:\/\/www.miagefaellts.de\/index.php?rest_route=%2Fwp%2Fv2%2Fmedia&parent=40"}],"wp:term":[{"taxonomy":"product_brand","embeddable":true,"href":"https:\/\/www.miagefaellts.de\/index.php?rest_route=%2Fwp%2Fv2%2Fproduct_brand&post=40"},{"taxonomy":"product_cat","embeddable":true,"href":"https:\/\/www.miagefaellts.de\/index.php?rest_route=%2Fwp%2Fv2%2Fproduct_cat&post=40"},{"taxonomy":"product_tag","embeddable":true,"href":"https:\/\/www.miagefaellts.de\/index.php?rest_route=%2Fwp%2Fv2%2Fproduct_tag&post=40"}],"curies":[{"name":"wp","href":"https:\/\/api.w.org\/{rel}","templated":true}]}}