{"id":31,"date":"2021-07-17T09:49:14","date_gmt":"2021-07-17T09:49:14","guid":{"rendered":"https:\/\/demo.athemes.com\/botiga\/?post_type=product&#038;p=31"},"modified":"2023-05-06T19:07:14","modified_gmt":"2023-05-06T17:07:14","slug":"rare-earth-deep-pore-minimizing-cleansing-clay-mask","status":"publish","type":"product","link":"https:\/\/www.miagefaellts.de\/?product=rare-earth-deep-pore-minimizing-cleansing-clay-mask","title":{"rendered":"Bubble W\u00fcrfel, Briefbeschwerer"},"content":{"rendered":"<p>Lust auf Bubbles?<\/p>\n<p>Ihr kennt ja alle diese h\u00fcbschen Bubble Kerzen. Hier habt ihr sie f\u00fcr die Ewigkeit sozusagen.<\/p>\n<p>Die Bubblekerzen aus Beton sehen h\u00fcbsch als Deko aus. Machen sich nat\u00fcrlich auch gut neben klassischen Bubblekerzen.<\/p>\n<p>Auch gestapelt geben sie ein nettes Bild ab und sind eine klasse Deko in euren Regalen.<\/p>\n<p>Zur Auswahl gibt es sie in drei Farben.<\/p>\n<p>Ihr erhaltet sie in schwarz, hellgrau oder wei\u00df.<\/p>\n<p>Beton wirkt k\u00fchl, edel und hat eine wunderbare Haptik.<\/p>\n<p>Wir verwenden ausschlie\u00dflich hochwertigen Beton f\u00fcr unsere Objekte. Zus\u00e4tzlich wurden hier dem Beton zb. schwarze Pigmente vor dem gie\u00dfen hinzugef\u00fcgt. Die Objekte sind also nicht bemalt.<\/p>\n<p>Jedes ist handgegossen und mit Impr\u00e4gnierung versiegelt. Lebensmittelecht. Allerdings nicht Sp\u00fclmaschinenfest.<\/p>\n<p>Diese h\u00fcbsche Deko macht sich wunderbar zb. in der K\u00fcche , im Wohnzimmer, im Bad, Flur oder B\u00fcro.<br \/>\nGenerell versch\u00f6nern sie den Wohnraum.<\/p>\n<p>Die Standseite ist ohne Pr\u00e4gung, also glatt!!<\/p>\n<p>Trotz Impr\u00e4gnierung ist zu beachten das Beton im Grunde nicht wasserdicht ist! Nach einiger Zeit m\u00fcssen Sie die Impr\u00e4gnierung aufrischen. Die Produkte sind nicht Sp\u00fclmaschinenfest und \u00d6l hinterl\u00e4sst Flecken.<\/p>\n<p>Bearbeitungszeit: Unsere Produkte werden nach einer Bearbeitungszeit von Tagen an euch versendet. Diese Zeit ben\u00f6tigen wir einfach weil die Sachen gut durchtrocknen m\u00fcssen und wir erst auf Bestellung anfertigen.<\/p>\n<p>Wenn ihr besondere W\u00fcnsche habt lasst es uns gerne wissen.<\/p>\n<p>Bitte beachtet Beton ist ein Naturprodukt. Kleine Luftblasen und eine rauhe Oberfl\u00e4che geh\u00f6ren dazu.<\/p>\n<p>WICHTIG LESEN !!<\/p>\n<p>Breite ca. 6 cm<br \/>\nH\u00f6he: ca. 5,5 cm<\/p>\n<p>Produkt wird ohne Deko verkauft.Kleinunternehmerin im Sinne von \u00a7 19 Abs. 1 UStG, daher keine MwSt.<\/p>\n","protected":false},"excerpt":{"rendered":"<p>Lorem ipsum dolor sit amet, consectetur adipiscing elit. Cras luctus congue nisi.<\/p>\n","protected":false},"featured_media":562,"template":"","meta":[],"product_brand":[],"product_cat":[39,38],"product_tag":[],"class_list":{"0":"post-31","1":"product","2":"type-product","3":"status-publish","4":"has-post-thumbnail","6":"product_cat-alle","7":"product_cat-dekoration","9":"first","10":"instock","11":"shipping-taxable","12":"purchasable","13":"product-type-simple"},"_links":{"self":[{"href":"https:\/\/www.miagefaellts.de\/index.php?rest_route=\/wp\/v2\/product\/31","targetHints":{"allow":["GET"]}}],"collection":[{"href":"https:\/\/www.miagefaellts.de\/index.php?rest_route=\/wp\/v2\/product"}],"about":[{"href":"https:\/\/www.miagefaellts.de\/index.php?rest_route=\/wp\/v2\/types\/product"}],"wp:featuredmedia":[{"embeddable":true,"href":"https:\/\/www.miagefaellts.de\/index.php?rest_route=\/wp\/v2\/media\/562"}],"wp:attachment":[{"href":"https:\/\/www.miagefaellts.de\/index.php?rest_route=%2Fwp%2Fv2%2Fmedia&parent=31"}],"wp:term":[{"taxonomy":"product_brand","embeddable":true,"href":"https:\/\/www.miagefaellts.de\/index.php?rest_route=%2Fwp%2Fv2%2Fproduct_brand&post=31"},{"taxonomy":"product_cat","embeddable":true,"href":"https:\/\/www.miagefaellts.de\/index.php?rest_route=%2Fwp%2Fv2%2Fproduct_cat&post=31"},{"taxonomy":"product_tag","embeddable":true,"href":"https:\/\/www.miagefaellts.de\/index.php?rest_route=%2Fwp%2Fv2%2Fproduct_tag&post=31"}],"curies":[{"name":"wp","href":"https:\/\/api.w.org\/{rel}","templated":true}]}}