{"id":1341,"date":"2025-07-12T02:06:43","date_gmt":"2025-07-12T00:06:43","guid":{"rendered":"https:\/\/www.miagefaellts.de\/?post_type=product&#038;p=1341"},"modified":"2025-09-03T23:21:40","modified_gmt":"2025-09-03T21:21:40","slug":"kleiner-turschuh-aus-beton","status":"publish","type":"product","link":"https:\/\/www.miagefaellts.de\/?product=kleiner-turschuh-aus-beton","title":{"rendered":"kleiner Turnschuh aus Beton"},"content":{"rendered":"<p>kleiner Turnschuh aus Beton als Karten oder Fotohalterung, Fotoclip originell grau oder wei\u00df Baby Schuhe niedliche Deko, Geschenk Babyparty<\/p>\n<p>&nbsp;<\/p>\n<p>Richtig s\u00fc\u00dfe Fotohalterung in Form eines kleinen Turnschuhs.<\/p>\n<p>Dieser originelle Fotoclip eignet sich wunderbar als Geschenk zur Babyparty. Aber nicht nur f\u00fcr Kleinkinder sondrn auch f\u00fcr Turnschuhliebhaber geeignet. H\u00fcsche Deko aus Beton, kein Raisin, Jesomite oder anderes Material.<\/p>\n<p>Erh\u00e4ltlich in grau und wei\u00df. Ihr kauft hier einen Turnschuh.<\/p>\n<p>S\u00fc\u00dfe Details am Schuh. F\u00fcr Fotos als &#8222;Rahmen&#8220; oder Karten geeignet. Bitte beachtet aber die Gr\u00f6\u00dfe.<\/p>\n<p>Niedliche Idee f\u00fcr den Kindergeburtstag, zur Babyparty.<\/p>\n<p>Bitte beachtet die Gr\u00f6\u00dfenangaben. Dieser Schuh ist recht klein.<\/p>\n<p>Eine gr\u00f6\u00dferen Babyschuh mit Strickmuster haben wir auch im Shop<\/p>\n<p>Schuh ohne Fotoclip:<\/p>\n<p>3 cm H\u00f6he<br \/>\n5 cm L\u00e4nge<br \/>\n3 cm Breite<\/p>\n<p>Schuh mit Fotoclip:<\/p>\n<p>12 cm H\u00f6he<\/p>\n<p>Bearbeitungszeit: Unsere Produkte werden nach einer Bearbeitungszeit von 4-5 Tagen an euch versendet. Diese Zeit ben\u00f6tigen wir weil jedes Produkt erst auf Bestellung gegossen wird.<\/p>\n<p>Bitte beachtet Beton ist ein Naturprodukt. Kleine Luftblasen und eine rauhe Oberfl\u00e4che geh\u00f6ren dazu. Durch unsere Impr\u00e4gnierung wird das Produkt nicht ver\u00e4ndert.<\/p>\n<p>Kleinunternehmerin im Sinne von \u00a7 19 Abs. 1 UStG, daher keine MwSt.<\/p>\n","protected":false},"excerpt":{"rendered":"<p>1 kleiner Turschuh aus Beton aus Karten oder Fotohalterung, Fotoclip originell grau oder wei\u00df Baby Schuhe niedliche Deko, Geschenk BabypartySchuh ohne Fotoclip:3 cm H\u00f6he 5 cm L\u00e4nge3 cm Breite<\/p>\n","protected":false},"featured_media":1350,"template":"","meta":[],"product_brand":[],"product_cat":[39,38,42],"product_tag":[],"class_list":{"0":"post-1341","1":"product","2":"type-product","3":"status-publish","4":"has-post-thumbnail","6":"product_cat-alle","7":"product_cat-dekoration","8":"product_cat-fotohalterung-fotoclip","10":"first","11":"instock","12":"shipping-taxable","13":"purchasable","14":"product-type-simple"},"_links":{"self":[{"href":"https:\/\/www.miagefaellts.de\/index.php?rest_route=\/wp\/v2\/product\/1341","targetHints":{"allow":["GET"]}}],"collection":[{"href":"https:\/\/www.miagefaellts.de\/index.php?rest_route=\/wp\/v2\/product"}],"about":[{"href":"https:\/\/www.miagefaellts.de\/index.php?rest_route=\/wp\/v2\/types\/product"}],"wp:featuredmedia":[{"embeddable":true,"href":"https:\/\/www.miagefaellts.de\/index.php?rest_route=\/wp\/v2\/media\/1350"}],"wp:attachment":[{"href":"https:\/\/www.miagefaellts.de\/index.php?rest_route=%2Fwp%2Fv2%2Fmedia&parent=1341"}],"wp:term":[{"taxonomy":"product_brand","embeddable":true,"href":"https:\/\/www.miagefaellts.de\/index.php?rest_route=%2Fwp%2Fv2%2Fproduct_brand&post=1341"},{"taxonomy":"product_cat","embeddable":true,"href":"https:\/\/www.miagefaellts.de\/index.php?rest_route=%2Fwp%2Fv2%2Fproduct_cat&post=1341"},{"taxonomy":"product_tag","embeddable":true,"href":"https:\/\/www.miagefaellts.de\/index.php?rest_route=%2Fwp%2Fv2%2Fproduct_tag&post=1341"}],"curies":[{"name":"wp","href":"https:\/\/api.w.org\/{rel}","templated":true}]}}